{"id":1402,"date":"2023-05-10T15:21:47","date_gmt":"2023-05-10T15:21:47","guid":{"rendered":"https:\/\/hauptsachhund.at\/?page_id=1402"},"modified":"2026-03-21T18:51:42","modified_gmt":"2026-03-21T18:51:42","slug":"impressum","status":"publish","type":"page","link":"https:\/\/hauptsachhund.at\/?page_id=1402","title":{"rendered":"Impressum"},"content":{"rendered":"\t\t<div data-elementor-type=\"wp-page\" data-elementor-id=\"1402\" class=\"elementor elementor-1402\">\n\t\t\t\t\t\t\t\t\t<section class=\"elementor-section elementor-top-section elementor-element elementor-element-3bc9bc8 elementor-section-height-min-height elementor-section-boxed elementor-section-height-default elementor-section-items-middle\" data-id=\"3bc9bc8\" data-element_type=\"section\" data-settings=\"{&quot;background_background&quot;:&quot;classic&quot;}\">\n\t\t\t\t\t\t\t<div class=\"elementor-background-overlay\"><\/div>\n\t\t\t\t\t\t\t<div class=\"elementor-container elementor-column-gap-default\">\n\t\t\t\t\t<div class=\"elementor-column elementor-col-100 elementor-top-column elementor-element elementor-element-e5b46bd\" data-id=\"e5b46bd\" data-element_type=\"column\">\n\t\t\t<div class=\"elementor-widget-wrap elementor-element-populated\">\n\t\t\t\t\t\t\t\t<div class=\"elementor-element elementor-element-47cd2b3 elementor-widget elementor-widget-heading\" data-id=\"47cd2b3\" data-element_type=\"widget\" data-widget_type=\"heading.default\">\n\t\t\t\t<div class=\"elementor-widget-container\">\n\t\t\t<style>\/*! elementor - v3.13.2 - 11-05-2023 *\/\n.elementor-heading-title{padding:0;margin:0;line-height:1}.elementor-widget-heading .elementor-heading-title[class*=elementor-size-]>a{color:inherit;font-size:inherit;line-height:inherit}.elementor-widget-heading .elementor-heading-title.elementor-size-small{font-size:15px}.elementor-widget-heading .elementor-heading-title.elementor-size-medium{font-size:19px}.elementor-widget-heading .elementor-heading-title.elementor-size-large{font-size:29px}.elementor-widget-heading .elementor-heading-title.elementor-size-xl{font-size:39px}.elementor-widget-heading .elementor-heading-title.elementor-size-xxl{font-size:59px}<\/style><h2 class=\"elementor-heading-title elementor-size-default\">Impressum <\/h2>\t\t<\/div>\n\t\t\t\t<\/div>\n\t\t\t\t<div class=\"elementor-element elementor-element-3c20c49 elementor-widget elementor-widget-text-editor\" data-id=\"3c20c49\" data-element_type=\"widget\" data-widget_type=\"text-editor.default\">\n\t\t\t\t<div class=\"elementor-widget-container\">\n\t\t\t<style>\/*! elementor - v3.13.2 - 11-05-2023 *\/\n.elementor-widget-text-editor.elementor-drop-cap-view-stacked .elementor-drop-cap{background-color:#69727d;color:#fff}.elementor-widget-text-editor.elementor-drop-cap-view-framed .elementor-drop-cap{color:#69727d;border:3px solid;background-color:transparent}.elementor-widget-text-editor:not(.elementor-drop-cap-view-default) .elementor-drop-cap{margin-top:8px}.elementor-widget-text-editor:not(.elementor-drop-cap-view-default) .elementor-drop-cap-letter{width:1em;height:1em}.elementor-widget-text-editor .elementor-drop-cap{float:left;text-align:center;line-height:1;font-size:50px}.elementor-widget-text-editor .elementor-drop-cap-letter{display:inline-block}<\/style>\t\t\t\t<h4><strong>Hauptsach\u00b4Hund!<\/strong><\/h4><p>Anna Haidbauer<\/p><p>Dreistetten 72<\/p><p>2753 Dreistetten\u00a0<\/p><p>Telefon: 0676\/4720408<\/p><p>Email: www.hauptsachhund@gmx.at<\/p><p><b>Unternehmensgegenstand<\/b><\/p><p>Ausbildung, Betreuung, Pflege und Vermietung von Tieren sowie die Beratung hinsichtlich artgerechter Haltung und Ern\u00e4hrung von Tieren mit Ausnahme der den Tier\u00e4rzten vorbehaltenen diagnostischen und therapeutischen T\u00e4tigkeiten<\/p><div class=\"elementor-element elementor-element-75f6d32 elementor-widget elementor-widget-text-editor\" data-id=\"75f6d32\" data-element_type=\"widget\" data-widget_type=\"text-editor.default\"><div class=\"elementor-widget-container\"><p><b>Beh\u00f6rde gem\u00e4\u00df ECG<\/b><\/p><p>Bezirkshauptmannschaft Wiener Neustadt<\/p><p><b>Kammerzugeh\u00f6rigkeit<\/b><\/p><p>Wirtschaftskammer Nieder\u00f6sterreich<\/p><p><b>Zus\u00e4tzliche Informationspflicht<\/b><\/p><\/div><\/div><div class=\"elementor-element elementor-element-be550e4 elementor-widget elementor-widget-image\" data-id=\"be550e4\" data-element_type=\"widget\" data-widget_type=\"image.default\"><div class=\"elementor-widget-container\"><a class=\"no-lightbox\" href=\"https:\/\/firmen.wko.at\/jacqueline-mattes\/nieder%c3%b6sterreich\/?firmaid=af0bbe6b-aadf-42b1-9fef-c7282d4784ad&amp;standortid=57&amp;standortname=wiener%20neustadt%20%28land%29%20%28bezirk%29&amp;suchbegriff=jacqueline%20mattes\" target=\"_blank\" rel=\"noopener\"><img loading=\"lazy\" decoding=\"async\" class=\"attachment-large size-large wp-image-975\" src=\"https:\/\/jakys-hundecoaching.at\/wp-content\/uploads\/2022\/12\/ecg-1.png\" alt=\"WKO-Logo\" width=\"169\" height=\"23\" \/><\/a><\/div><\/div>\t\t\t\t\t\t<\/div>\n\t\t\t\t<\/div>\n\t\t\t\t\t<\/div>\n\t\t<\/div>\n\t\t\t\t\t\t\t<\/div>\n\t\t<\/section>\n\t\t\t\t<section class=\"elementor-section elementor-top-section elementor-element elementor-element-a90d313 elementor-section-boxed elementor-section-height-default elementor-section-height-default\" data-id=\"a90d313\" data-element_type=\"section\">\n\t\t\t\t\t\t<div class=\"elementor-container elementor-column-gap-default\">\n\t\t\t\t\t<div class=\"elementor-column elementor-col-100 elementor-top-column elementor-element elementor-element-f708711\" data-id=\"f708711\" data-element_type=\"column\">\n\t\t\t<div class=\"elementor-widget-wrap\">\n\t\t\t\t\t\t\t\t\t<\/div>\n\t\t<\/div>\n\t\t\t\t\t\t\t<\/div>\n\t\t<\/section>\n\t\t\t\t\t\t\t<\/div>\n\t\t","protected":false},"excerpt":{"rendered":"<p>Impressum Hauptsach\u00b4Hund! Anna Haidbauer Dreistetten 72 2753 Dreistetten\u00a0 Telefon: 0676\/4720408 Email: www.hauptsachhund@gmx.at Unternehmensgegenstand Ausbildung, Betreuung, Pflege und Vermietung von Tieren sowie die Beratung hinsichtlich artgerechter Haltung und Ern\u00e4hrung von Tieren mit Ausnahme der den Tier\u00e4rzten vorbehaltenen diagnostischen und therapeutischen T\u00e4tigkeiten Beh\u00f6rde gem\u00e4\u00df ECG Bezirkshauptmannschaft Wiener Neustadt Kammerzugeh\u00f6rigkeit Wirtschaftskammer Nieder\u00f6sterreich Zus\u00e4tzliche Informationspflicht<\/p>\n","protected":false},"author":2,"featured_media":0,"parent":0,"menu_order":0,"comment_status":"closed","ping_status":"closed","template":"","meta":{"site-sidebar-layout":"no-sidebar","site-content-layout":"page-builder","ast-global-header-display":"","ast-banner-title-visibility":"","ast-main-header-display":"","ast-hfb-above-header-display":"","ast-hfb-below-header-display":"","ast-hfb-mobile-header-display":"","site-post-title":"disabled","ast-breadcrumbs-content":"","ast-featured-img":"disabled","footer-sml-layout":"","theme-transparent-header-meta":"enabled","adv-header-id-meta":"","stick-header-meta":"","header-above-stick-meta":"","header-main-stick-meta":"","header-below-stick-meta":"","footnotes":""},"class_list":["post-1402","page","type-page","status-publish","hentry"],"aioseo_notices":[],"_links":{"self":[{"href":"https:\/\/hauptsachhund.at\/index.php?rest_route=\/wp\/v2\/pages\/1402","targetHints":{"allow":["GET"]}}],"collection":[{"href":"https:\/\/hauptsachhund.at\/index.php?rest_route=\/wp\/v2\/pages"}],"about":[{"href":"https:\/\/hauptsachhund.at\/index.php?rest_route=\/wp\/v2\/types\/page"}],"author":[{"embeddable":true,"href":"https:\/\/hauptsachhund.at\/index.php?rest_route=\/wp\/v2\/users\/2"}],"replies":[{"embeddable":true,"href":"https:\/\/hauptsachhund.at\/index.php?rest_route=%2Fwp%2Fv2%2Fcomments&post=1402"}],"version-history":[{"count":16,"href":"https:\/\/hauptsachhund.at\/index.php?rest_route=\/wp\/v2\/pages\/1402\/revisions"}],"predecessor-version":[{"id":2333,"href":"https:\/\/hauptsachhund.at\/index.php?rest_route=\/wp\/v2\/pages\/1402\/revisions\/2333"}],"wp:attachment":[{"href":"https:\/\/hauptsachhund.at\/index.php?rest_route=%2Fwp%2Fv2%2Fmedia&parent=1402"}],"curies":[{"name":"wp","href":"https:\/\/api.w.org\/{rel}","templated":true}]}}