{"id":1406,"date":"2023-05-10T15:33:20","date_gmt":"2023-05-10T15:33:20","guid":{"rendered":"https:\/\/hauptsachhund.at\/?page_id=1406"},"modified":"2026-03-21T18:51:08","modified_gmt":"2026-03-21T18:51:08","slug":"agb","status":"publish","type":"page","link":"https:\/\/hauptsachhund.at\/?page_id=1406","title":{"rendered":"AGB"},"content":{"rendered":"\t\t<div data-elementor-type=\"wp-page\" data-elementor-id=\"1406\" class=\"elementor elementor-1406\">\n\t\t\t\t\t\t\t\t\t<section class=\"elementor-section elementor-top-section elementor-element elementor-element-99c9b09 elementor-section-boxed elementor-section-height-default elementor-section-height-default\" data-id=\"99c9b09\" data-element_type=\"section\">\n\t\t\t\t\t\t<div class=\"elementor-container elementor-column-gap-default\">\n\t\t\t\t\t<div class=\"elementor-column elementor-col-100 elementor-top-column elementor-element elementor-element-21d4653\" data-id=\"21d4653\" data-element_type=\"column\">\n\t\t\t<div class=\"elementor-widget-wrap elementor-element-populated\">\n\t\t\t\t\t\t\t\t<div class=\"elementor-element elementor-element-094e578 elementor-widget elementor-widget-heading\" data-id=\"094e578\" data-element_type=\"widget\" data-widget_type=\"heading.default\">\n\t\t\t\t<div class=\"elementor-widget-container\">\n\t\t\t<style>\/*! elementor - v3.13.2 - 11-05-2023 *\/\n.elementor-heading-title{padding:0;margin:0;line-height:1}.elementor-widget-heading .elementor-heading-title[class*=elementor-size-]>a{color:inherit;font-size:inherit;line-height:inherit}.elementor-widget-heading .elementor-heading-title.elementor-size-small{font-size:15px}.elementor-widget-heading .elementor-heading-title.elementor-size-medium{font-size:19px}.elementor-widget-heading .elementor-heading-title.elementor-size-large{font-size:29px}.elementor-widget-heading .elementor-heading-title.elementor-size-xl{font-size:39px}.elementor-widget-heading .elementor-heading-title.elementor-size-xxl{font-size:59px}<\/style><h2 class=\"elementor-heading-title elementor-size-default\">Allgemeine Gesch\u00e4ftsbedingungen <\/h2>\t\t<\/div>\n\t\t\t\t<\/div>\n\t\t\t\t\t<\/div>\n\t\t<\/div>\n\t\t\t\t\t\t\t<\/div>\n\t\t<\/section>\n\t\t\t\t<section class=\"elementor-section elementor-top-section elementor-element elementor-element-84f3b75 elementor-section-boxed elementor-section-height-default elementor-section-height-default\" data-id=\"84f3b75\" data-element_type=\"section\">\n\t\t\t\t\t\t<div class=\"elementor-container elementor-column-gap-default\">\n\t\t\t\t\t<div class=\"elementor-column elementor-col-100 elementor-top-column elementor-element elementor-element-ee32486\" data-id=\"ee32486\" data-element_type=\"column\">\n\t\t\t<div class=\"elementor-widget-wrap elementor-element-populated\">\n\t\t\t\t\t\t\t\t<div class=\"elementor-element elementor-element-141f468 elementor-widget elementor-widget-text-editor\" data-id=\"141f468\" data-element_type=\"widget\" data-widget_type=\"text-editor.default\">\n\t\t\t\t<div class=\"elementor-widget-container\">\n\t\t\t<style>\/*! elementor - v3.13.2 - 11-05-2023 *\/\n.elementor-widget-text-editor.elementor-drop-cap-view-stacked .elementor-drop-cap{background-color:#69727d;color:#fff}.elementor-widget-text-editor.elementor-drop-cap-view-framed .elementor-drop-cap{color:#69727d;border:3px solid;background-color:transparent}.elementor-widget-text-editor:not(.elementor-drop-cap-view-default) .elementor-drop-cap{margin-top:8px}.elementor-widget-text-editor:not(.elementor-drop-cap-view-default) .elementor-drop-cap-letter{width:1em;height:1em}.elementor-widget-text-editor .elementor-drop-cap{float:left;text-align:center;line-height:1;font-size:50px}.elementor-widget-text-editor .elementor-drop-cap-letter{display:inline-block}<\/style>\t\t\t\t<p><strong>Hauptsach\u00b4Hund &#8211; Coaching f\u00fcr Mensch und Hund\u00a0<\/strong><\/p><p>\u00a0<\/p><p>Anna Haidbauer\u00a0<\/p><p>Marchgrabenstra\u00dfe 72<\/p><p>2753 Markt Piesting\u00a0<\/p><p>\u00a0<\/p><p><strong>Tel:<\/strong> 0676\/4720408<\/p><p>\u00a0<\/p><p><strong>E-Mail:<\/strong> Hauptsachhund@gmx.at<\/p><p>\u00a0<\/p>\t\t\t\t\t\t<\/div>\n\t\t\t\t<\/div>\n\t\t\t\t\t<\/div>\n\t\t<\/div>\n\t\t\t\t\t\t\t<\/div>\n\t\t<\/section>\n\t\t\t\t<section class=\"elementor-section elementor-top-section elementor-element elementor-element-22685fa elementor-section-boxed elementor-section-height-default elementor-section-height-default\" data-id=\"22685fa\" data-element_type=\"section\" data-settings=\"{&quot;background_background&quot;:&quot;classic&quot;}\">\n\t\t\t\t\t\t<div class=\"elementor-container elementor-column-gap-default\">\n\t\t\t\t\t<div class=\"elementor-column elementor-col-100 elementor-top-column elementor-element elementor-element-4995358\" data-id=\"4995358\" data-element_type=\"column\">\n\t\t\t<div class=\"elementor-widget-wrap elementor-element-populated\">\n\t\t\t\t\t\t\t\t<div class=\"elementor-element elementor-element-9ad0068 elementor-widget elementor-widget-text-editor\" data-id=\"9ad0068\" data-element_type=\"widget\" data-widget_type=\"text-editor.default\">\n\t\t\t\t<div class=\"elementor-widget-container\">\n\t\t\t\t\t\t\t<p><strong>1. Allgemein<\/strong><\/p><p>&#8211; Die nachstehenden Allgemeinen Gesch\u00e4ftsbedingungen (AGB) regeln das Verh\u00e4ltnis zwischen Anna Haidbauer und dem Kunden (Dienstleistungsempf\u00e4nger) in ihrer zum Zeitpunkt g\u00fcltigen Fassung.<\/p><p>\u00a0<\/p><p>&#8211; Von diesen AGB abweichende, vom Dienstleistungsempf\u00e4nger \u00fcbermittelte AGB werden nicht Vertragsinhalt, und zwar auch dann nicht, wenn Anna Haidbauer ihnen nicht ausdr\u00fccklich widerspricht.<\/p><p>\u00a0<\/p><p>&#8211; Anna Haidbauer beh\u00e4lt sich das Recht vor, diese AGB jederzeit und ohne Nennung von Gr\u00fcnden zu \u00e4ndern. Jede \u00c4nderung ist rechtsverbindlich, sobald die ge\u00e4nderten ABG unter (website) abrufbar sind.<\/p><p>\u00a0<\/p><p><strong>2. Dienstleistung<\/strong><\/p><p>&#8211; Die Dienstleistung besteht aus der Ausbildung und Anleitung des Kunden im Umgang mit seinem Hund.<\/p><p>\u00a0<\/p><p><strong>3. Hundetraining<\/strong><\/p><p>&#8211; Die Anweisungen des Trainers sind zu beachten und m\u00fcssen befolgt werden.<\/p><p>\u00a0<\/p><p>&#8211; Trainings aller Art finden bei jedem Wetter statt, unter Absprache mit dem Kunden, kann das Training bei extremen Wetterbedingungen verschoben werden.<\/p><p>\u00a0<\/p><p>&#8211; Hunde die am Training teilnehmen, d\u00fcrfen keine ansteckenden Krankheiten haben, m\u00fcssen frei von Parasiten und geimpft sein. L\u00e4ufige H\u00fcndinnen d\u00fcrfen ausschlie\u00dflich nach vorheriger Absprache mit Anna Haidbauer\u00a0 am Training teilnehmen. Auf Verlangen ist ein Nachweis zur Gesundheit zu erbringen (tier\u00e4rztliche Best\u00e4tigung, Impfpass).<\/p><p>\u00a0<\/p><p>&#8211; Falls seitens Anna Haidbauer der Verdacht auf eine Krankheit und\/oder auf eine beeintr\u00e4chtigende k\u00f6rperliche und\/oder psychische Beschwerden beim Hund vorliegt, muss dies mit einem mit Anna Haidbauer\u00a0 in Austausch stehendem Tierarzt abgekl\u00e4rt werden. Auf Verlangen ist ein Nachweis zur Gesundheit zu bringen.<\/p><p>\u00a0<\/p><p>&#8211; Die Teilnahme an der Schulung\/des Trainings, erfolgt freiwillig und auf eigenes Risiko. Die von Anna Haidbauer gegebenen Trainingsvorschl\u00e4ge werden freiwillig angenommen und auf eigene Gefahr und Risiko des Kunden ausgef\u00fchrt.<\/p><p>\u00a0<\/p><p>&#8211; Ein Freilauf ohne Leine und\/oder ohne Maulkorb erfolgt ausschlie\u00dflich auf die Gefahr und das Risiko des Kunden.<\/p><p>\u00a0<\/p><p>&#8211; Eine Erfolgsgarantie hinsichtlich des Dienstleistungsangebots seitens Anna Haidbauer\u00a0 kann nicht gegeben werden, da der Erfolg gr\u00f6\u00dftenteils vom Hundebesitzer\/Hundef\u00fchrer selbst abh\u00e4ngt. Eine eventuelle Absch\u00e4tzung ist keine Garantie, dass die abgesch\u00e4tzte notwendige Zeit auch tats\u00e4chlich ausreichend ist, um das jeweils angestrebte Ziel zu erreichen.<\/p><p>\u00a0<\/p><p>&#8211; Es muss eine f\u00fcr \u00d6sterreich g\u00fcltige Haftpflichtversicherung f\u00fcr den Hund bestehen. Auf Verlangen ist ein Nachweis zu erbringen.<\/p><p>\u00a0<\/p><p><strong>4. Haftung<\/strong><\/p><p>&#8211; F\u00fcr vom Hund, Hundehalter oder Begleitpersonen verursachte Sch\u00e4den an Tieren, Menschen oder anderen Dingen, haftet zu 100% der Hundehalter.<\/p><p>\u00a0<\/p><p>&#8211; Mit der schriftlichen Anmeldung zu dem Dienstleistungsangebot von Anna Haidbauer akzeptiert der Kunde, dass Anna Haidbauer von Haftungen aller Art befreit ist hinsichtlich etwaiger durch den Hund oder den Kunden verursachten Sch\u00e4den, sowohl w\u00e4hrend, als auch in Folge der Teilnahme an der Schulung\/des Trainings.<\/p><p>\u00a0<\/p><p>&#8211; Der Kunde hat gegen\u00fcber Anna Haidbauer\u00a0 zu versichern, dass der teilnehmende Hund sein Eigentum ist. Sollte dies nicht der Fall sein, so ist unverz\u00fcglich eine schriftliche Einverst\u00e4ndniserkl\u00e4rung des Eigent\u00fcmers vorzulegen. Auch der am Training teilnehmende Kunde muss eine schriftliche Erkl\u00e4rung abgeben, dass er w\u00e4hrend des Trainings f\u00fcr den Hund verantwortlich ist und haftet.<\/p><p>\u00a0<\/p><p>&#8211; Falls der Hund w\u00e4hrend des Trainings oder der Schulung erkrankt oder verletzt wird, ist eine Haftung seitens Anna Haidbauer ausgeschlossen.<\/p><p>\u00a0<\/p><p>&#8211; Beim bewussten verschweigen von Untugenden oder Krankheiten oder dem Verdacht darauf, gehen alle hieraus entstehenden Sch\u00e4den in voller H\u00f6he zu Lasten des Kunden. Anna Haidbauer\u00a0 \u00fcbernimmt keine Haftung f\u00fcr Sch\u00e4den und gesundheitliche Folgen, die aufgrund unvollst\u00e4ndiger Information durch den Kunden entstanden sind. Der Kunde haftet f\u00fcr alle Sch\u00e4den, die Dritten infolge von Krankheit des Hundes vom Kunden zugef\u00fcgt werden.<\/p><p>\u00a0<\/p><p>&#8211; Minderj\u00e4hrige Kursteilnehmer verbleiben auch w\u00e4hrend des Trainings unter der Aufsichtspflicht der Erziehungsberechtigten. Es besteht von Anna Haidbauer, keine besondere vertragliche Aufsichtspflicht gegen\u00fcber minderj\u00e4hrigen Kursteilnehmern.<\/p><p>\u00a0<\/p><p>&#8211; Die Teilnahme an der Schulung\/des Trainings erfolgt auf eigene Gefahr.<\/p><p>\u00a0<\/p><p><strong>5. Vertag<\/strong><\/p><p>&#8211; Der Vertrag kommt mit der Buchung des Kunden und der Buchungsbest\u00e4tigung seitens Anna Haidbauer\u00a0 zustande. Die Buchungsbest\u00e4tigung kann schriftlich oder m\u00fcndlich erfolgen.<\/p><p>\u00a0<\/p><p>&#8211; Wenn der Vertrag \u00fcber Telefon, Email oder Kontaktformular zustande kommt, gilt das Fernabsatzgesetz.<\/p><p>\u00a0<\/p><p>&#8211; Der Unterzeichnende stimmt der elektronischen Erfassung und Verarbeitung seiner Daten zu und ist mit der Zusendung von Informationsmaterial von Frau Anna Haidbauer\u00a0 einverstanden.<\/p><p>\u00a0<\/p><p>&#8211; Anna Haidbauer erbringt nach erfolgtem Vertragsabschluss gegen\u00fcber Verbrauchern ihre Dienstleistung (Beratungst\u00e4tigkeit) erst nach Ablauf der dem Kunden gesetzlich einger\u00e4umten 14 t\u00e4gigen R\u00fccktrittsfrist, es sei denn, der Verbraucher verlangt einen sofortigen Beginn der Dienstleistung.<\/p><p>\u00a0<\/p><p>\u00a0<\/p><p>\u00a0<\/p><p>\u00a0<\/p><p>&#8211; Bei wiederholter Anwendung von aversiven Methoden, die gegen das Tierschutzgesetz versto\u00dfen, ist Anna Haidbauer dazu berechtigt, das Training abzubrechen und den Vertrag zu k\u00fcndigen.<\/p><p>In diesem Fall ist keine R\u00fcckerstattung m\u00f6glich!<\/p><p>\u00a0<\/p><p>\u00a0<\/p><p>\u00a0<\/p><p>&#8211; Bei Vortr\u00e4gen, Kursen und Seminaren mit begrenzter Teilnehmerzahl entscheidet der Zeitpunkt des Zahlungseingangs \u00fcber die Platzvergabe. Die Zahlung sollte daher unmittelbar nach der Anmeldung vorgenommen werden. Andernfalls kann Anna Haidbauer\u00a0 die Buchung kostenfrei stornieren, sodass TeilnehmerIn keinen Teilnahmeplatz f\u00fcr die Veranstaltung hat. Anmeldungen, die aktuell nicht ber\u00fccksichtigt werden k\u00f6nnen, k\u00f6nnen auf die Warteliste \u00fcbernommen werden, sofern TeilnehmerIn das m\u00f6chte.<\/p><p>\u00a0<\/p><p><strong>6. Preise und Zahlungsbedingungen<\/strong><\/p><p>&#8211; Aktuelle Preise und Termine k\u00f6nnen der Website entnommen werden. Preis- und Termin\u00e4nderungen sind vorbehalten. Es gelten die zum Zeitpunkt der Anmeldung auf der Website bekanntgegebenen Preise.<\/p><p>\u00a0<\/p><p>&#8211; Die Bezahlung der Gruppen- oder Einzelstunden hat im Voraus oder direkt zu Beginn der Trainingsstunde in bar zu erfolgen. Mit der Anmeldung zu Einzelterminen\/Gruppenstunden sind die jeweiligen daf\u00fcr veranschlagten Honorare f\u00e4llig.<\/p><p>\u00a0<\/p><p>&#8211; Termine m\u00fcssen sp\u00e4testens 24 Stunden vor der vereinbarten Einheit abgesagt werden, um Anna Haidbauer\u00a0 die M\u00f6glichkeit offen zu halten, diese Einheit anderw\u00e4rtig zu vergeben. Absagen m\u00fcssen schriftlich (SMS, WhatsApp, Email, hier aber nur g\u00fcltig, wenn seitens Anna Haidbauer eine Best\u00e4tigung erfolgt ist), oder telefonisch erfolgen. Bei Absage in weniger als 24 Stunden vor der vereinbarten Einheit wird die volle Geb\u00fchr in Rechnung gestellt.<\/p><p>\u00a0<\/p><p>&#8211; Bei Unp\u00fcnktlichkeit seitens des Hundehalters, wird die verstrichene Zeit von der Trainingszeit abgezogen, die Geb\u00fchr ist jedoch in vollem Umfang zu bezahlen.<\/p><p>\u00a0<\/p><p>&#8211; Sollte es seitens Anna Haidbauer\u00b4s zu einer Terminabsage bzw. zum Ausfall von Kursterminen aufgrund von Krankheit oder sonstigen Gr\u00fcnden kommen, wird ein Ersatztermin gestellt. Weiteres behaltet sich Anna Haidbauer vor, Termine bei Notwendigkeit, aus welchen Gr\u00fcnden auch immer, zeitlich und \u00f6rtlich zu verschieben.<\/p><p>\u00a0<\/p><p><strong>7. R\u00fccktrittsrecht\/Widerruf<\/strong><\/p><p>&#8211; F\u00fcr Fernabsatzgesch\u00e4fte gilt: Sie haben das Recht, binnen 14 Tagen ohne Angaben von Gr\u00fcnden diesen Vertrag zu widerrufen. Die Widerrufsfrist betr\u00e4gt 14 Tage ab dem Tag des Vertragsabschlusses. Um Ihr Widerrufsrecht auszu\u00fcben, m\u00fcssen Sie Anna Haidbauer, mittels einer eindeutigen Erkl\u00e4rung (Brief oder Email) \u00fcber Ihren Entschluss, diesen Vertrag zu widerrufen, informieren. Machen Sie von dieser M\u00f6glichkeit Gebrauch, so wird Ihnen unverz\u00fcglich eine Best\u00e4tigung per Mail \u00fcber den Eingang eines solchen Widerrufs \u00fcbermittelt. Zur Wahrung der Widerrufsfrist reicht es aus, dass Sie die Mitteilung \u00fcber die Aus\u00fcbung des Widerrufsrechts vor Ablauf der Widerrufsfrist absenden.<\/p><p>\u00a0<\/p><p>Bei vorzeitigem Abbruch der Schulung\/des Trainings, werden keine Kosten r\u00fcckerstattet! Eine R\u00fcckerstattung unverbrauchter Einheiten ist ausgeschlossen!<\/p><p>Ausgenommen ist das 14 t\u00e4gige R\u00fccktrittsrecht des Fernabsatzgesetzes.<\/p><p>\u00a0<\/p><p>&#8211; Wenn Sie diesen Vertrag widerrufen, hat Anna Haidbauer Ihnen alle Zahlungen, die Anna Haidbauer von Ihnen erhalten hat, unverz\u00fcglich und sp\u00e4testens binnen 14 Tagen ab dem Tag, an dem die Mitteilung \u00fcber Ihren Widerruf dieses Vertrags eingegangen ist zur\u00fcck zu erstatten. F\u00fcr diese R\u00fcckzahlung wird dasselbe Zahlungsmittel, das Sie bei der urspr\u00fcnglichen Transaktion verwendet haben, verwendet, es sei denn, mit Ihnen wurde ausdr\u00fccklich etwas anderes vereinbart.<\/p><p>\u00a0<\/p><p>Haben Sie verlangt, dass die Dienstleistung w\u00e4hrend der Widerrufsfrist beginnen soll, berechnet sich die R\u00fcckerstattung abz\u00fcglich der bereits erbrachten Leistung.<\/p><p>\u00a0<\/p><p>&#8211; Die G\u00fcltigkeit der Trainerblocks betr\u00e4gt 5 Jahre ab Ausstellung. Jedoch wird darauf hingewiesen, dass es trainerisch nicht erfolgsversprechend ist, wenn zwischen den Terminen eine zu gro\u00dfe Zeitspanne liegt.<\/p><p>\u00a0<\/p><p><strong>Salvatorische Klausel<\/strong><\/p><p>Sollte eine Bestimmung dieses Vertrages unwirksam sein, wird die Wirksamkeit der \u00fcbrigen Bestimmungen davon nicht ber\u00fchrt. Die Parteien verpflichten sich, anstelle der unwirksamen Bestimmung eine dieser Bestimmung m\u00f6glichst nahekommende wirksame Regelung zu treffen.<\/p><p>\u00a0<\/p><p>Copyright 2023 Anna Haidbauer\u00a0<\/p>\t\t\t\t\t\t<\/div>\n\t\t\t\t<\/div>\n\t\t\t\t\t<\/div>\n\t\t<\/div>\n\t\t\t\t\t\t\t<\/div>\n\t\t<\/section>\n\t\t\t\t\t\t\t<\/div>\n\t\t","protected":false},"excerpt":{"rendered":"<p>Allgemeine Gesch\u00e4ftsbedingungen Hauptsach\u00b4Hund &#8211; Coaching f\u00fcr Mensch und Hund\u00a0 \u00a0 Anna Haidbauer\u00a0 Marchgrabenstra\u00dfe 72 2753 Markt Piesting\u00a0 \u00a0 Tel: 0676\/4720408 \u00a0 E-Mail: Hauptsachhund@gmx.at \u00a0 1. Allgemein &#8211; Die nachstehenden Allgemeinen Gesch\u00e4ftsbedingungen (AGB) regeln das Verh\u00e4ltnis zwischen Anna Haidbauer und dem Kunden (Dienstleistungsempf\u00e4nger) in ihrer zum Zeitpunkt g\u00fcltigen Fassung. \u00a0 &#8211; Von diesen AGB abweichende, vom &hellip;<\/p>\n<p class=\"read-more\"> <a class=\"\" href=\"https:\/\/hauptsachhund.at\/?page_id=1406\"> <span class=\"screen-reader-text\">AGB<\/span> Read More &raquo;<\/a><\/p>\n","protected":false},"author":2,"featured_media":0,"parent":0,"menu_order":0,"comment_status":"closed","ping_status":"closed","template":"","meta":{"site-sidebar-layout":"no-sidebar","site-content-layout":"page-builder","ast-global-header-display":"","ast-banner-title-visibility":"","ast-main-header-display":"","ast-hfb-above-header-display":"","ast-hfb-below-header-display":"","ast-hfb-mobile-header-display":"","site-post-title":"disabled","ast-breadcrumbs-content":"","ast-featured-img":"disabled","footer-sml-layout":"","theme-transparent-header-meta":"","adv-header-id-meta":"","stick-header-meta":"","header-above-stick-meta":"","header-main-stick-meta":"","header-below-stick-meta":"","footnotes":""},"class_list":["post-1406","page","type-page","status-publish","hentry"],"aioseo_notices":[],"_links":{"self":[{"href":"https:\/\/hauptsachhund.at\/index.php?rest_route=\/wp\/v2\/pages\/1406","targetHints":{"allow":["GET"]}}],"collection":[{"href":"https:\/\/hauptsachhund.at\/index.php?rest_route=\/wp\/v2\/pages"}],"about":[{"href":"https:\/\/hauptsachhund.at\/index.php?rest_route=\/wp\/v2\/types\/page"}],"author":[{"embeddable":true,"href":"https:\/\/hauptsachhund.at\/index.php?rest_route=\/wp\/v2\/users\/2"}],"replies":[{"embeddable":true,"href":"https:\/\/hauptsachhund.at\/index.php?rest_route=%2Fwp%2Fv2%2Fcomments&post=1406"}],"version-history":[{"count":13,"href":"https:\/\/hauptsachhund.at\/index.php?rest_route=\/wp\/v2\/pages\/1406\/revisions"}],"predecessor-version":[{"id":2330,"href":"https:\/\/hauptsachhund.at\/index.php?rest_route=\/wp\/v2\/pages\/1406\/revisions\/2330"}],"wp:attachment":[{"href":"https:\/\/hauptsachhund.at\/index.php?rest_route=%2Fwp%2Fv2%2Fmedia&parent=1406"}],"curies":[{"name":"wp","href":"https:\/\/api.w.org\/{rel}","templated":true}]}}