{"id":1987,"date":"2024-05-12T14:59:10","date_gmt":"2024-05-12T14:59:10","guid":{"rendered":"https:\/\/hauptsachhund.at\/?page_id=1987"},"modified":"2026-03-21T18:49:53","modified_gmt":"2026-03-21T18:49:53","slug":"preise-angebote","status":"publish","type":"page","link":"https:\/\/hauptsachhund.at\/?page_id=1987","title":{"rendered":"Preise &amp; Angebote"},"content":{"rendered":"\t\t<div data-elementor-type=\"wp-page\" data-elementor-id=\"1987\" class=\"elementor elementor-1987\">\n\t\t\t\t\t\t\t\t\t<section class=\"elementor-section elementor-top-section elementor-element elementor-element-76bd091 elementor-section-boxed elementor-section-height-default elementor-section-height-default\" data-id=\"76bd091\" data-element_type=\"section\" data-settings=\"{&quot;background_background&quot;:&quot;classic&quot;}\">\n\t\t\t\t\t\t<div class=\"elementor-container elementor-column-gap-default\">\n\t\t\t\t\t<div class=\"elementor-column elementor-col-100 elementor-top-column elementor-element elementor-element-5c514f5\" data-id=\"5c514f5\" data-element_type=\"column\">\n\t\t\t<div class=\"elementor-widget-wrap elementor-element-populated\">\n\t\t\t\t\t\t\t\t<div class=\"elementor-element elementor-element-c5932b0 elementor-widget elementor-widget-heading\" data-id=\"c5932b0\" data-element_type=\"widget\" data-widget_type=\"heading.default\">\n\t\t\t\t<div class=\"elementor-widget-container\">\n\t\t\t<style>\/*! elementor - v3.13.2 - 11-05-2023 *\/\n.elementor-heading-title{padding:0;margin:0;line-height:1}.elementor-widget-heading .elementor-heading-title[class*=elementor-size-]>a{color:inherit;font-size:inherit;line-height:inherit}.elementor-widget-heading .elementor-heading-title.elementor-size-small{font-size:15px}.elementor-widget-heading .elementor-heading-title.elementor-size-medium{font-size:19px}.elementor-widget-heading .elementor-heading-title.elementor-size-large{font-size:29px}.elementor-widget-heading .elementor-heading-title.elementor-size-xl{font-size:39px}.elementor-widget-heading .elementor-heading-title.elementor-size-xxl{font-size:59px}<\/style><h2 class=\"elementor-heading-title elementor-size-default\">Angebote &amp; Preise <\/h2>\t\t<\/div>\n\t\t\t\t<\/div>\n\t\t\t\t\t<\/div>\n\t\t<\/div>\n\t\t\t\t\t\t\t<\/div>\n\t\t<\/section>\n\t\t\t\t<section class=\"elementor-section elementor-top-section elementor-element elementor-element-5698180 elementor-section-boxed elementor-section-height-default elementor-section-height-default\" data-id=\"5698180\" data-element_type=\"section\" data-settings=\"{&quot;background_background&quot;:&quot;classic&quot;}\">\n\t\t\t\t\t\t<div class=\"elementor-container elementor-column-gap-default\">\n\t\t\t\t\t<div class=\"elementor-column elementor-col-100 elementor-top-column elementor-element elementor-element-6b24047\" data-id=\"6b24047\" data-element_type=\"column\">\n\t\t\t<div class=\"elementor-widget-wrap elementor-element-populated\">\n\t\t\t\t\t\t\t\t<div class=\"elementor-element elementor-element-33a7726 elementor-widget elementor-widget-text-editor\" data-id=\"33a7726\" data-element_type=\"widget\" data-widget_type=\"text-editor.default\">\n\t\t\t\t<div class=\"elementor-widget-container\">\n\t\t\t<style>\/*! elementor - v3.13.2 - 11-05-2023 *\/\n.elementor-widget-text-editor.elementor-drop-cap-view-stacked .elementor-drop-cap{background-color:#69727d;color:#fff}.elementor-widget-text-editor.elementor-drop-cap-view-framed .elementor-drop-cap{color:#69727d;border:3px solid;background-color:transparent}.elementor-widget-text-editor:not(.elementor-drop-cap-view-default) .elementor-drop-cap{margin-top:8px}.elementor-widget-text-editor:not(.elementor-drop-cap-view-default) .elementor-drop-cap-letter{width:1em;height:1em}.elementor-widget-text-editor .elementor-drop-cap{float:left;text-align:center;line-height:1;font-size:50px}.elementor-widget-text-editor .elementor-drop-cap-letter{display:inline-block}<\/style>\t\t\t\t\t\t\t\t\t\t<\/div>\n\t\t\t\t<\/div>\n\t\t\t\t<div class=\"elementor-element elementor-element-8c8213b elementor-widget__width-initial elementor-widget elementor-widget-text-editor\" data-id=\"8c8213b\" data-element_type=\"widget\" data-widget_type=\"text-editor.default\">\n\t\t\t\t<div class=\"elementor-widget-container\">\n\t\t\t\t\t\t\t<h6>\u00a0<span style=\"font-size: 19px; font-style: inherit; font-weight: inherit; font-family: Adamina, sans-serif;\">Terminabsagen m\u00fcssen sp\u00e4testens 48 Stunden vor dem\u00a0<\/span><span style=\"font-family: Adamina, sans-serif; font-size: 19px; font-style: inherit; font-weight: inherit;\">vereinbarten Termin abgesagt werden.<\/span><\/h6><p class=\"font_8 wixui-rich-text__text\"><span class=\"wixui-rich-text__text\">Sollte dies nicht rechtzeitig erfolgen, wird eine Geb\u00fchr<br class=\"wixui-rich-text__text\" \/>in der H\u00f6he von 50% des vereinbarten Preises f\u00e4llig und sofort in Rechnung gestellt.<\/span><\/p><p class=\"font_8 wixui-rich-text__text\"><span style=\"font-style: inherit; font-weight: inherit;\">\u00a0<\/span><\/p><p class=\"font_8 wixui-rich-text__text\"><span style=\"font-style: inherit; font-weight: inherit;\">Bitte um Verst\u00e4ndnis &#8211; Danke!\u00a0<\/span><\/p><p class=\"font_8 wixui-rich-text__text\"><span style=\"font-style: inherit; font-weight: inherit;\">\u00a0<\/span><\/p><p class=\"font_8 wixui-rich-text__text\"><span style=\"font-style: inherit; font-weight: inherit;\">Bei einem 20 min\u00fctigem Erstcall ( gratis) lernen wir uns ein bisschen kennen und besprechen welche Thematiken dein Hund hat und woran ihr arbeiten m\u00f6chtet.\u00a0<\/span><\/p><h5><strong style=\"color: var(--ast-global-color-2); font-style: inherit;\">\u00a0<\/strong><\/h5><h5><strong style=\"color: var(--ast-global-color-2); font-style: inherit;\">E<\/strong><strong style=\"color: var(--ast-global-color-2); font-style: inherit; font-size: 19px;\">rstgespr\u00e4ch&#8230;&#8230;&#8230;&#8230;&#8230;&#8230;Euro 80,-\u00a0 Dauer: 60-90 Minuten\u00a0<\/strong><\/h5><h5 style=\"font-size: 19px; font-style: normal; font-weight: 400;\"><strong>\u00a0<\/strong><\/h5><h5 style=\"font-size: 19px; font-style: normal; font-weight: 400;\">\u00a0<strong style=\"color: var(--ast-global-color-2);\">Einzeltraining&#8230;&#8230;&#8230;&#8230;&#8230;.Euro 65,- f\u00fcr 60 Minuten\u00a0<\/strong><\/h5><h5 style=\"font-size: 19px; font-style: normal; font-weight: 400;\"><strong>\u00a0Social Walk&#8230;&#8230;&#8230;&#8230;&#8230;&#8230;..Euro 25,- pro Hund f\u00fcr 60 Minuten\u00a0<\/strong><\/h5><h5 style=\"font-size: 19px; font-style: normal; font-weight: 400;\"><strong style=\"color: var(--ast-global-color-2);\">Mantrailing&#8230;&#8230;&#8230;&#8230;&#8230;&#8230;&#8230;.Euro 35,- f\u00fcr 50 Minuten\u00a0<\/strong><\/h5><h5 style=\"font-size: 19px; font-style: normal; font-weight: 400;\"><strong>\u00a0<\/strong><\/h5><h5 style=\"font-size: 19px; font-style: normal; font-weight: 400;\"><strong>\u00a0<\/strong><\/h5><p style=\"font-size: 19px; font-style: normal;\"><strong>\u00a0<span style=\"color: var( --e-global-color-astglobalcolor2 );\">Anfahrtskosten:\u00a0<\/span><\/strong><\/p><p style=\"font-size: 19px; font-style: normal;\"><span style=\"color: var( --e-global-color-astglobalcolor2 );\">\u00a0<\/span><\/p><p>Anfahrt mit dem Pkw bis zu 5km kostenfrei pro weiteren Kilometer\u00a0 0<span style=\"color: var( --e-global-color-astglobalcolor2 );\">,50 Euro\u00a0<\/span><\/p><h6><strong><span style=\"color: var( --e-global-color-astglobalcolor2 );\">Die Berechnung der Anfahrt erfolgt von 2700 Wr. Neustadt oder 2753 Dreistetten.\u00a0<\/span><\/strong><\/h6>\t\t\t\t\t\t<\/div>\n\t\t\t\t<\/div>\n\t\t\t\t\t<\/div>\n\t\t<\/div>\n\t\t\t\t\t\t\t<\/div>\n\t\t<\/section>\n\t\t\t\t\t\t\t<\/div>\n\t\t","protected":false},"excerpt":{"rendered":"<p>Angebote &amp; Preise \u00a0Terminabsagen m\u00fcssen sp\u00e4testens 48 Stunden vor dem\u00a0vereinbarten Termin abgesagt werden. Sollte dies nicht rechtzeitig erfolgen, wird eine Geb\u00fchrin der H\u00f6he von 50% des vereinbarten Preises f\u00e4llig und sofort in Rechnung gestellt. \u00a0 Bitte um Verst\u00e4ndnis &#8211; Danke!\u00a0 \u00a0 Bei einem 20 min\u00fctigem Erstcall ( gratis) lernen wir uns ein bisschen kennen und &hellip;<\/p>\n<p class=\"read-more\"> <a class=\"\" href=\"https:\/\/hauptsachhund.at\/?page_id=1987\"> <span class=\"screen-reader-text\">Preise &amp; Angebote<\/span> Read More &raquo;<\/a><\/p>\n","protected":false},"author":2,"featured_media":0,"parent":0,"menu_order":0,"comment_status":"closed","ping_status":"closed","template":"","meta":{"site-sidebar-layout":"no-sidebar","site-content-layout":"page-builder","ast-global-header-display":"","ast-banner-title-visibility":"","ast-main-header-display":"","ast-hfb-above-header-display":"","ast-hfb-below-header-display":"","ast-hfb-mobile-header-display":"","site-post-title":"disabled","ast-breadcrumbs-content":"","ast-featured-img":"disabled","footer-sml-layout":"","theme-transparent-header-meta":"","adv-header-id-meta":"","stick-header-meta":"","header-above-stick-meta":"","header-main-stick-meta":"","header-below-stick-meta":"","footnotes":""},"class_list":["post-1987","page","type-page","status-publish","hentry"],"aioseo_notices":[],"_links":{"self":[{"href":"https:\/\/hauptsachhund.at\/index.php?rest_route=\/wp\/v2\/pages\/1987","targetHints":{"allow":["GET"]}}],"collection":[{"href":"https:\/\/hauptsachhund.at\/index.php?rest_route=\/wp\/v2\/pages"}],"about":[{"href":"https:\/\/hauptsachhund.at\/index.php?rest_route=\/wp\/v2\/types\/page"}],"author":[{"embeddable":true,"href":"https:\/\/hauptsachhund.at\/index.php?rest_route=\/wp\/v2\/users\/2"}],"replies":[{"embeddable":true,"href":"https:\/\/hauptsachhund.at\/index.php?rest_route=%2Fwp%2Fv2%2Fcomments&post=1987"}],"version-history":[{"count":34,"href":"https:\/\/hauptsachhund.at\/index.php?rest_route=\/wp\/v2\/pages\/1987\/revisions"}],"predecessor-version":[{"id":2324,"href":"https:\/\/hauptsachhund.at\/index.php?rest_route=\/wp\/v2\/pages\/1987\/revisions\/2324"}],"wp:attachment":[{"href":"https:\/\/hauptsachhund.at\/index.php?rest_route=%2Fwp%2Fv2%2Fmedia&parent=1987"}],"curies":[{"name":"wp","href":"https:\/\/api.w.org\/{rel}","templated":true}]}}