{"id":2068,"date":"2024-05-26T10:04:08","date_gmt":"2024-05-26T10:04:08","guid":{"rendered":"https:\/\/hauptsachhund.at\/?page_id=2068"},"modified":"2026-03-21T18:44:56","modified_gmt":"2026-03-21T18:44:56","slug":"positives-training","status":"publish","type":"page","link":"https:\/\/hauptsachhund.at\/?page_id=2068","title":{"rendered":"Positives Training"},"content":{"rendered":"\t\t<div data-elementor-type=\"wp-page\" data-elementor-id=\"2068\" class=\"elementor elementor-2068\">\n\t\t\t\t\t\t\t\t\t<section class=\"elementor-section elementor-top-section elementor-element elementor-element-cbeaa14 elementor-section-boxed elementor-section-height-default elementor-section-height-default\" data-id=\"cbeaa14\" data-element_type=\"section\" data-settings=\"{&quot;background_background&quot;:&quot;classic&quot;}\">\n\t\t\t\t\t\t<div class=\"elementor-container elementor-column-gap-default\">\n\t\t\t\t\t<div class=\"elementor-column elementor-col-100 elementor-top-column elementor-element elementor-element-b4bdc0b\" data-id=\"b4bdc0b\" data-element_type=\"column\">\n\t\t\t<div class=\"elementor-widget-wrap elementor-element-populated\">\n\t\t\t\t\t\t\t\t<div class=\"elementor-element elementor-element-3049eef elementor-widget elementor-widget-heading\" data-id=\"3049eef\" data-element_type=\"widget\" data-widget_type=\"heading.default\">\n\t\t\t\t<div class=\"elementor-widget-container\">\n\t\t\t<style>\/*! elementor - v3.13.2 - 11-05-2023 *\/\n.elementor-heading-title{padding:0;margin:0;line-height:1}.elementor-widget-heading .elementor-heading-title[class*=elementor-size-]>a{color:inherit;font-size:inherit;line-height:inherit}.elementor-widget-heading .elementor-heading-title.elementor-size-small{font-size:15px}.elementor-widget-heading .elementor-heading-title.elementor-size-medium{font-size:19px}.elementor-widget-heading .elementor-heading-title.elementor-size-large{font-size:29px}.elementor-widget-heading .elementor-heading-title.elementor-size-xl{font-size:39px}.elementor-widget-heading .elementor-heading-title.elementor-size-xxl{font-size:59px}<\/style><h2 class=\"elementor-heading-title elementor-size-default\">Positives &amp; bed\u00fcrfnisorientiertes Training<\/h2>\t\t<\/div>\n\t\t\t\t<\/div>\n\t\t\t\t<div class=\"elementor-element elementor-element-e8184db elementor-widget elementor-widget-text-editor\" data-id=\"e8184db\" data-element_type=\"widget\" data-widget_type=\"text-editor.default\">\n\t\t\t\t<div class=\"elementor-widget-container\">\n\t\t\t<style>\/*! elementor - v3.13.2 - 11-05-2023 *\/\n.elementor-widget-text-editor.elementor-drop-cap-view-stacked .elementor-drop-cap{background-color:#69727d;color:#fff}.elementor-widget-text-editor.elementor-drop-cap-view-framed .elementor-drop-cap{color:#69727d;border:3px solid;background-color:transparent}.elementor-widget-text-editor:not(.elementor-drop-cap-view-default) .elementor-drop-cap{margin-top:8px}.elementor-widget-text-editor:not(.elementor-drop-cap-view-default) .elementor-drop-cap-letter{width:1em;height:1em}.elementor-widget-text-editor .elementor-drop-cap{float:left;text-align:center;line-height:1;font-size:50px}.elementor-widget-text-editor .elementor-drop-cap-letter{display:inline-block}<\/style>\t\t\t\t<p style=\"font-size: 19px;\"><span style=\"font-style: inherit; font-weight: inherit; color: var(--ast-global-color-6);\">Positives und bed\u00fcrfnisorientiertes Training bedeutet nicht, die Hunde lernen keine Grenzen kennen. <strong>Sie lernen Grenzen kennen, sie werden einfach nur anders gesetzt.&nbsp;<\/strong> Ganz ohne aversive Mittel, eine harte Hand oder dem st\u00e4ndigen Leinenruck.&nbsp;<\/span><\/p>\n<p style=\"font-size: 19px;\"><span style=\"font-style: inherit; font-weight: inherit; color: var(--ast-global-color-6);\">&nbsp;<\/span><\/p>\n<p style=\"font-size: 19px;\">\n<\/p><p style=\"font-size: 19px;\"><span style=\"font-style: inherit; font-weight: inherit; color: var(--ast-global-color-6);\">&nbsp;D<\/span><span style=\"color: var(--ast-global-color-6); font-style: inherit; font-weight: inherit;\">as Ganze geht auch positiv, kleinschrittig, auf die Bed\u00fcrfnisse des Hundes zugeschnitten und ganz ohne Vertrauensbruch und Schmerz. Anstatt dem Hund Schmerzen zuzuf\u00fcgen, sollte man ihm zeigen, was man stattdessen von ihm m\u00f6chte z.b ein Alternativverhalten aufbauen und ihm Zeit geben zu denken. Auch die K\u00f6rpersprache des Hundes zu verstehen, ist sehr wichtig.&nbsp;<\/span><\/p>\n<p><span style=\"font-size: 19px;\">&nbsp;<\/span><\/p>\n<p><span style=\"font-size: 19px;\">Man macht den Tieren&nbsp; keine Angst, f\u00fcgt ihnen keine Schmerzen zu oder sorgt daf\u00fcr, dass sie sich unwohl oder bedr\u00e4ngt f\u00fchlen.&nbsp;<\/span><\/p><p><span style=\"font-size: 19px;\"><br><\/span><\/p>\n<p><span style=\"font-size: 19px;\">&nbsp;P<\/span><span style=\"font-size: 19px; font-style: inherit; font-weight: inherit; color: var(--ast-global-color-6);\">ositives Hundetraining ist nicht nur &#8220; Leckerli schmeissen&#8220;.&nbsp; Es nimmt&nbsp; etwas mehr Zeit in Anspruch, da man kleinschrittig arbeitet, auf das Tempo von Hund und Besitzer angepasst.&nbsp;<\/span><\/p>\n<p><span style=\"font-size: 19px;\">&nbsp;<\/span><\/p>\n<p><span style=\"font-size: 19px;\">Wir respektieren die Grenzen der Tiere , ihre Bed\u00fcrfnisse, trainieren haupts\u00e4chlich \u00fcber positive Verst\u00e4rkung, sorgen f\u00fcr einen&nbsp; Trainingsaufbau der zu Hund und Mensch passt.&nbsp;<\/span><\/p>\n<p><span style=\"font-size: 19px;\">&nbsp;<\/span><\/p>\n<p><span style=\"font-size: 19px;\">Der Hund soll nicht st\u00e4ndig in Situationen gedr\u00e4ngt werden, die er nicht bew\u00e4ltigen kann.&nbsp;<\/span><\/p>\n<p><span style=\"font-size: 19px;\">Was viele ja machen- nur um sie dann &#8222;korrigieren&#8220; zu k\u00f6nnen und ihnen zu zeigen, dass es so nicht geht. Um ihnen zu zeigen wer der &#8220; Chef&#8220; ist. Das hat man ja fr\u00fcher auch so gemacht!!&nbsp;&nbsp;<\/span><\/p>\n<p><span style=\"font-size: 19px;\">Zerst\u00f6rt aber leider die Vertrauensbasis zwischen Hund und Mensch.<\/span><\/p>\n<p><span style=\"font-size: 19px;\">&nbsp;<\/span><\/p>\n<p><\/p>\n<p><span style=\"font-size: 19px;\">Die Hauptbezugsperson sollte dem Tier nicht st\u00e4ndig Angst machen oder dem Tier Schmerzen zuf\u00fcgen. Es ist immerhin ein Lebewesen, ein eigenes Individuum.&nbsp; Sie sollte daf\u00fcr sorgen, dass sie eine vertrauensvolle und verl\u00e4ssliche Bezugsperson ist,&nbsp; die die Bed\u00fcrfnisse ihres Tieres wahrnimmt und sie respektiert.&nbsp;<\/span><\/p>\n<div>&nbsp;<\/div>\n<p style=\"font-size: 19px;\">\n<\/p><p style=\"font-size: 19px;\"><span style=\"font-weight: bold;\"><u>Positive Verst\u00e4rkung&nbsp;<\/u><\/span>bedeutet, es wird etwas angenehmes hinzugef\u00fcgt und das Verhalten, welches sich lohnt wird daher \u00f6fter gezeigt.<\/p>\n<p style=\"font-size: 19px;\">\n<\/p><p style=\"font-size: 19px;\">\n<\/p><p style=\"font-size: 19px;\">\n<\/p><p style=\"font-size: 19px;\">\n<\/p><p style=\"font-size: 19px;\">\n<\/p><p style=\"font-size: 19px;\"><u><span style=\"font-weight: bold;\">Was bedeutet \u201c ganzheitliches, bed\u00fcrfnisorientiertes und positives\u201c Training ?&nbsp;<\/span><\/u><\/p>\n<p style=\"font-size: 19px;\"><u><span style=\"font-weight: bold;\">&nbsp;<\/span><\/u><\/p>\n<p style=\"font-size: 19px;\">\n<\/p><p style=\"font-size: 19px;\"><span style=\"font-weight: bold;\">Ganzheitliches Hundetraining<\/span>&nbsp;beschreibt eine Trainingsmethode, die die individuellen Bed\u00fcrfnisse von Hund und Halter, sowie die Rassespezifischen Eigenschaften des Hundes ber\u00fccksichtigt. Gesundheitliche Aspekte, Bewegung, Ern\u00e4hrung, Stressanf\u00e4lligkeit und Disharmonie im K\u00f6rper werden erkannt, ber\u00fccksichtigt und individuelle Trainingspl\u00e4ne erstellt, abgestimmt auf den jeweiligen Hund.<\/p>\n<p style=\"font-size: 19px;\">\n<\/p><p style=\"font-size: 19px;\">\n<\/p><p style=\"font-size: 19px;\"><span style=\"font-weight: bold;\">Bed\u00fcrfnisorientiert<\/span>&nbsp;hei\u00dft, dass der Hund als ein Individuum mit eigenen Bed\u00fcrfnissen betrachtet wird.<\/p>\n<p style=\"font-size: 19px;\">\n<\/p><p style=\"font-size: 19px;\">Es bedeutet, deinen Hund zu best\u00e4rken, ihn zu unterst\u00fctzen und souver\u00e4n zur Seite zu stehen. Es geht um ein achtsamen, vertrauensvolles und einf\u00fchlsames Miteinander.<\/p>\n<p style=\"font-size: 19px;\">\n<\/p><p style=\"font-size: 19px;\"><span style=\"font-style: inherit; font-weight: inherit; color: var( --e-global-color-astglobalcolor2 );\">Bed\u00fcrfnisorientiertes &amp; positives Hundetraining f\u00f6rdert eine starke Bindung zwischen Hund und Halter.&nbsp;&nbsp;<\/span><\/p>\n<p style=\"font-size: 19px;\"><span style=\"font-style: inherit; font-weight: inherit; color: var( --e-global-color-astglobalcolor2 );\">&nbsp;<\/span><\/p>\n<p style=\"font-size: 19px;\">\n<\/p><p style=\"font-size: 19px;\">Es wird haupts\u00e4chlich positive Verst\u00e4rkung eingesetzt, um den Hund zu motivieren und zu belohnen.<\/p>\n<p style=\"font-size: 19px;\">\n<\/p><p style=\"font-size: 19px;\">Das bedeutet, dass der Hund f\u00fcr erw\u00fcnschtes Verhalten belohnt wird, anstatt daf\u00fcr bestraft zu werden, wenn er unerw\u00fcnschtes Verhalten zeigt.&nbsp;<\/p>\n<p style=\"font-size: 19px;\">\n<\/p><p style=\"font-size: 19px;\">\n<\/p><p style=\"font-size: 19px;\">Das hei\u00dft aber<span style=\"font-weight: bold;\">&nbsp;nicht<\/span>, dass der Hund machen kann was er m\u00f6chte. Beim bed\u00fcrfnisorientierten Training mit Hunden soll ein angenehmes Lernumfeld entstehen.&nbsp;<\/p>\n<p style=\"font-size: 19px;\">\n<\/p><p style=\"font-size: 19px;\">Der Hund und dessen individuelle Bed\u00fcrfnisse sollen im Mittelpunkt stehen.&nbsp;<\/p>\n<p style=\"font-size: 19px;\">\n<\/p><p style=\"font-size: 19px;\">Der Hund soll Freiheiten haben, dennoch Regeln und Grenzen aufgestellt bekommen.&nbsp;<u>Aber&nbsp;<span style=\"font-weight: bold;\">NICHT<\/span> durch eine harte Hand, sondern mit K\u00f6pfchen und Verstand!!<\/u><\/p>\n<p style=\"font-size: 19px;\">\n<\/p>\t\t\t\t\t\t<\/div>\n\t\t\t\t<\/div>\n\t\t\t\t\t<\/div>\n\t\t<\/div>\n\t\t\t\t\t\t\t<\/div>\n\t\t<\/section>\n\t\t\t\t\t\t\t<\/div>\n\t\t","protected":false},"excerpt":{"rendered":"<p>Positives &amp; bed\u00fcrfnisorientiertes Training Positives und bed\u00fcrfnisorientiertes Training bedeutet nicht, die Hunde lernen keine Grenzen kennen. Sie lernen Grenzen kennen, sie werden einfach nur anders gesetzt.&nbsp; Ganz ohne aversive Mittel, eine harte Hand oder dem st\u00e4ndigen Leinenruck.&nbsp; &nbsp; &nbsp;Das Ganze geht auch positiv, kleinschrittig, auf die Bed\u00fcrfnisse des Hundes zugeschnitten und ganz ohne Vertrauensbruch und &hellip;<\/p>\n<p class=\"read-more\"> <a class=\"\" href=\"https:\/\/hauptsachhund.at\/?page_id=2068\"> <span class=\"screen-reader-text\">Positives Training<\/span> Read More &raquo;<\/a><\/p>\n","protected":false},"author":2,"featured_media":0,"parent":0,"menu_order":0,"comment_status":"closed","ping_status":"closed","template":"","meta":{"site-sidebar-layout":"no-sidebar","site-content-layout":"page-builder","ast-global-header-display":"","ast-banner-title-visibility":"","ast-main-header-display":"","ast-hfb-above-header-display":"","ast-hfb-below-header-display":"","ast-hfb-mobile-header-display":"","site-post-title":"disabled","ast-breadcrumbs-content":"","ast-featured-img":"disabled","footer-sml-layout":"","theme-transparent-header-meta":"","adv-header-id-meta":"","stick-header-meta":"","header-above-stick-meta":"","header-main-stick-meta":"","header-below-stick-meta":"","footnotes":""},"class_list":["post-2068","page","type-page","status-publish","hentry"],"aioseo_notices":[],"_links":{"self":[{"href":"https:\/\/hauptsachhund.at\/index.php?rest_route=\/wp\/v2\/pages\/2068","targetHints":{"allow":["GET"]}}],"collection":[{"href":"https:\/\/hauptsachhund.at\/index.php?rest_route=\/wp\/v2\/pages"}],"about":[{"href":"https:\/\/hauptsachhund.at\/index.php?rest_route=\/wp\/v2\/types\/page"}],"author":[{"embeddable":true,"href":"https:\/\/hauptsachhund.at\/index.php?rest_route=\/wp\/v2\/users\/2"}],"replies":[{"embeddable":true,"href":"https:\/\/hauptsachhund.at\/index.php?rest_route=%2Fwp%2Fv2%2Fcomments&post=2068"}],"version-history":[{"count":19,"href":"https:\/\/hauptsachhund.at\/index.php?rest_route=\/wp\/v2\/pages\/2068\/revisions"}],"predecessor-version":[{"id":2309,"href":"https:\/\/hauptsachhund.at\/index.php?rest_route=\/wp\/v2\/pages\/2068\/revisions\/2309"}],"wp:attachment":[{"href":"https:\/\/hauptsachhund.at\/index.php?rest_route=%2Fwp%2Fv2%2Fmedia&parent=2068"}],"curies":[{"name":"wp","href":"https:\/\/api.w.org\/{rel}","templated":true}]}}